{"id":248,"date":"2021-06-21T12:39:55","date_gmt":"2021-06-21T12:39:55","guid":{"rendered":"https:\/\/pbzinvestment.pl\/?page_id=248"},"modified":"2025-01-15T12:26:10","modified_gmt":"2025-01-15T12:26:10","slug":"drive-go-2","status":"publish","type":"page","link":"https:\/\/pbzinvestment.pl\/index.php\/drive-go-2\/","title":{"rendered":"Drive &#038; GO"},"content":{"rendered":"\n<p><img loading=\"lazy\" decoding=\"async\" width=\"200\" height=\"200\" class=\"wp-image-555\" style=\"width: 200px;\" src=\"https:\/\/pbzinvestment.pl\/wp-content\/uploads\/2025\/01\/DG.png\" alt=\"\" srcset=\"https:\/\/pbzinvestment.pl\/wp-content\/uploads\/2025\/01\/DG.png 1417w, https:\/\/pbzinvestment.pl\/wp-content\/uploads\/2025\/01\/DG-300x300.png 300w, https:\/\/pbzinvestment.pl\/wp-content\/uploads\/2025\/01\/DG-1024x1024.png 1024w, https:\/\/pbzinvestment.pl\/wp-content\/uploads\/2025\/01\/DG-150x150.png 150w, https:\/\/pbzinvestment.pl\/wp-content\/uploads\/2025\/01\/DG-768x768.png 768w, https:\/\/pbzinvestment.pl\/wp-content\/uploads\/2025\/01\/DG-100x100.png 100w\" sizes=\"auto, (max-width: 200px) 100vw, 200px\" \/><br>Mark\u0119 Drive and GO tworz\u0105 ludzie od lat wsp\u00f3\u0142pracuj\u0105cy z platformami Uber, Bolt oraz FreeNow. Znaj\u0105c specyfik\u0119 bran\u017cy jeste\u015bmy w stanie przeprowadzi\u0107 Ci\u0119 przez proces licencyjny, mo\u017cemy podpowiedzie\u0107 pewne rozwi\u0105zania oraz jeste\u015bmy w stanie szybko i sprawnie reagowa\u0107 w razie potrzeby.<\/p>\n\n\n\n<p>Mo\u017cesz rozpocz\u0105\u0107 wsp\u00f3\u0142prac\u0119 w ramach us\u0142ug TAXI za po\u015brednictwem jednej z popularnych aplikacji.<\/p>\n\n\n\n<p>Wsp\u00f3\u0142pracuj\u0105c z nami mo\u017cesz je\u017adzi\u0107 na w\u0142asnym samochodzie, je\u015bli spe\u0142nia warunki licencji TAXI, lub zdecydowa\u0107 si\u0119 na pojazdy rekomendowane przez nas i dostarczone przez naszych partner\u00f3w flotowych.<\/p>\n\n\n\n<p>Zapewniamy terminowe rozliczenia, obs\u0142ug\u0119 prawn\u0105, pomoc w sprawach serwisowych.<\/p>\n\n\n\n<p>W razie pyta\u0144 skontaktuj si\u0119 mailowo: <a href=\"mailto:biuro@driveandgo.pl\">biuro@driveandgo.pl<\/a><\/p>\n\n\n\n<div class=\"wp-block-columns is-layout-flex wp-container-core-columns-is-layout-1 wp-block-columns-is-layout-flex\">\n<div class=\"wp-block-column is-layout-flow wp-block-column-is-layout-flow\" style=\"flex-basis:33.33%\">\n<figure class=\"wp-block-image is-resized\" id=\"block-fecedb81-de8e-4eda-9ba7-65b56240e233\"><a href=\"https:\/\/driveandgo.pl\/\"><img decoding=\"async\" src=\"https:\/\/pbzinvestment.pl\/wp-content\/uploads\/2022\/07\/ikona-www_23-2147934922-1.jpg\" alt=\"Obrazek posiada pusty atrybut alt; plik o nazwie ikona-www_23-2147934922-1.jpg\" style=\"width:40px;height:35px\"\/><\/a><\/figure>\n<\/div>\n\n\n\n<div class=\"wp-block-column is-layout-flow wp-block-column-is-layout-flow\" style=\"flex-basis:33.33%\">\n<figure class=\"wp-block-image is-resized\" id=\"block-6eeea4d7-763a-4179-95a2-0a8c6aa3e035\"><a href=\"https:\/\/www.facebook.com\/drive.and.go.polska\/\"><img decoding=\"async\" src=\"https:\/\/pbzinvestment.pl\/wp-content\/uploads\/2022\/07\/fb_icon_325x325.png\" alt=\"Obrazek posiada pusty atrybut alt; plik o nazwie fb_icon_325x325.png\" style=\"width:35px;height:35px\"\/><\/a><\/figure>\n<\/div>\n\n\n\n<div class=\"wp-block-column is-layout-flow wp-block-column-is-layout-flow\" style=\"flex-basis:33.33%\">\n<figure class=\"wp-block-image is-resized\" id=\"block-f5bd4e86-aa39-4539-b99f-2913d27407f6\"><a href=\"https:\/\/www.instagram.com\/drive.and.go.polska\/\"><img decoding=\"async\" src=\"https:\/\/pbzinvestment.pl\/wp-content\/uploads\/2022\/07\/Instagram-logo-1-768x768-2.jpg\" alt=\"Obrazek posiada pusty atrybut alt; plik o nazwie Instagram-logo-1-768x768-2.jpg\" style=\"width:35px;height:35px\"\/><\/a><\/figure>\n<\/div>\n\n\n\n<div class=\"wp-block-column is-layout-flow wp-block-column-is-layout-flow\"><\/div>\n\n\n\n<div class=\"wp-block-column is-layout-flow wp-block-column-is-layout-flow\"><\/div>\n\n\n\n<div class=\"wp-block-column is-layout-flow wp-block-column-is-layout-flow\"><\/div>\n\n\n\n<div class=\"wp-block-column is-layout-flow wp-block-column-is-layout-flow\"><\/div>\n\n\n\n<div class=\"wp-block-column is-layout-flow wp-block-column-is-layout-flow\"><\/div>\n\n\n\n<div class=\"wp-block-column is-layout-flow wp-block-column-is-layout-flow\"><\/div>\n\n\n\n<div class=\"wp-block-column is-layout-flow wp-block-column-is-layout-flow\"><\/div>\n\n\n\n<div class=\"wp-block-column is-layout-flow wp-block-column-is-layout-flow\"><\/div>\n\n\n\n<div class=\"wp-block-column is-layout-flow wp-block-column-is-layout-flow\"><\/div>\n\n\n\n<div class=\"wp-block-column is-layout-flow wp-block-column-is-layout-flow\"><\/div>\n\n\n\n<div class=\"wp-block-column is-layout-flow wp-block-column-is-layout-flow\"><\/div>\n\n\n\n<div class=\"wp-block-column is-layout-flow wp-block-column-is-layout-flow\"><\/div>\n\n\n\n<div class=\"wp-block-column is-layout-flow wp-block-column-is-layout-flow\"><\/div>\n\n\n\n<div class=\"wp-block-column is-layout-flow wp-block-column-is-layout-flow\"><\/div>\n\n\n\n<div class=\"wp-block-column is-layout-flow wp-block-column-is-layout-flow\"><\/div>\n\n\n\n<div class=\"wp-block-column is-layout-flow wp-block-column-is-layout-flow\"><\/div>\n\n\n\n<div class=\"wp-block-column is-layout-flow wp-block-column-is-layout-flow\"><\/div>\n\n\n\n<div class=\"wp-block-column is-layout-flow wp-block-column-is-layout-flow\"><\/div>\n\n\n\n<div class=\"wp-block-column is-layout-flow wp-block-column-is-layout-flow\"><\/div>\n\n\n\n<div class=\"wp-block-column is-layout-flow wp-block-column-is-layout-flow\"><\/div>\n\n\n\n<div class=\"wp-block-column is-layout-flow wp-block-column-is-layout-flow\"><\/div>\n\n\n\n<div class=\"wp-block-column is-layout-flow wp-block-column-is-layout-flow\"><\/div>\n<\/div>\n\n\n\n<figure class=\"wp-block-video\"><video autoplay controls loop src=\"https:\/\/pbzinvestment.pl\/wp-content\/uploads\/2022\/07\/DriveGo-Facebook.mp4\"><\/video><\/figure>\n","protected":false},"excerpt":{"rendered":"<p>Mark\u0119 Drive and GO tworz\u0105 ludzie od lat wsp\u00f3\u0142pracuj\u0105cy z platformami Uber, Bolt oraz FreeNow. Znaj\u0105c specyfik\u0119 bran\u017cy jeste\u015bmy w stanie przeprowadzi\u0107 Ci\u0119 przez proces licencyjny, mo\u017cemy podpowiedzie\u0107 pewne rozwi\u0105zania oraz jeste\u015bmy w stanie szybko i sprawnie reagowa\u0107 w razie potrzeby. Mo\u017cesz rozpocz\u0105\u0107 wsp\u00f3\u0142prac\u0119 w ramach us\u0142ug TAXI za po\u015brednictwem jednej z popularnych aplikacji. Wsp\u00f3\u0142pracuj\u0105c &hellip; <\/p>\n<p class=\"link-more\"><a href=\"https:\/\/pbzinvestment.pl\/index.php\/drive-go-2\/\" class=\"more-link\">Czytaj dalej<span class=\"screen-reader-text\"> \u201eDrive &#038; GO\u201d<\/span><\/a><\/p>\n","protected":false},"author":1,"featured_media":0,"parent":0,"menu_order":0,"comment_status":"closed","ping_status":"closed","template":"","meta":{"footnotes":""},"class_list":["post-248","page","type-page","status-publish","hentry"],"_links":{"self":[{"href":"https:\/\/pbzinvestment.pl\/index.php\/wp-json\/wp\/v2\/pages\/248","targetHints":{"allow":["GET"]}}],"collection":[{"href":"https:\/\/pbzinvestment.pl\/index.php\/wp-json\/wp\/v2\/pages"}],"about":[{"href":"https:\/\/pbzinvestment.pl\/index.php\/wp-json\/wp\/v2\/types\/page"}],"author":[{"embeddable":true,"href":"https:\/\/pbzinvestment.pl\/index.php\/wp-json\/wp\/v2\/users\/1"}],"replies":[{"embeddable":true,"href":"https:\/\/pbzinvestment.pl\/index.php\/wp-json\/wp\/v2\/comments?post=248"}],"version-history":[{"count":9,"href":"https:\/\/pbzinvestment.pl\/index.php\/wp-json\/wp\/v2\/pages\/248\/revisions"}],"predecessor-version":[{"id":558,"href":"https:\/\/pbzinvestment.pl\/index.php\/wp-json\/wp\/v2\/pages\/248\/revisions\/558"}],"wp:attachment":[{"href":"https:\/\/pbzinvestment.pl\/index.php\/wp-json\/wp\/v2\/media?parent=248"}],"curies":[{"name":"wp","href":"https:\/\/api.w.org\/{rel}","templated":true}]}}