{"id":247,"date":"2021-06-21T12:39:55","date_gmt":"2021-06-21T12:39:55","guid":{"rendered":"https:\/\/pbzinvestment.pl\/?page_id=247"},"modified":"2022-07-10T17:22:07","modified_gmt":"2022-07-10T17:22:07","slug":"dionizos-events-cenferences","status":"publish","type":"page","link":"https:\/\/pbzinvestment.pl\/index.php\/dionizos-events-cenferences\/","title":{"rendered":"Dionizos Events &#038; Conferences"},"content":{"rendered":"\n<p><img loading=\"lazy\" decoding=\"async\" width=\"300\" height=\"136\" class=\"wp-image-89\" style=\"width: 300px;\" src=\"https:\/\/pbzinvestment.pl\/wp-content\/uploads\/2021\/06\/logo_jpg.jpg\" alt=\"\" srcset=\"https:\/\/pbzinvestment.pl\/wp-content\/uploads\/2021\/06\/logo_jpg.jpg 850w, https:\/\/pbzinvestment.pl\/wp-content\/uploads\/2021\/06\/logo_jpg-300x136.jpg 300w, https:\/\/pbzinvestment.pl\/wp-content\/uploads\/2021\/06\/logo_jpg-768x348.jpg 768w\" sizes=\"auto, (max-width: 300px) 100vw, 300px\" \/><br>Kompleksowo organizujemy eventy i konferencje, a nasz\u0105 domen\u0105 s\u0105 imprezy integracyjne.<\/p>\n\n\n\n<p>Przez lata dzia\u0142alno\u015bci realizowali\u015bmy r\u00f3wnie\u017c materia\u0142y reklamowe:<\/p>\n\n\n\n<p>&#8211; gad\u017cety reklamowe (d\u0142ugopisy, kubki, smycze, teczki, breloki, przypinki oraz wiele innych),<\/p>\n\n\n\n<p>&#8211; druki (ulotki, plakaty) praktycznie we wszystkich mo\u017cliwych formatach.<\/p>\n\n\n\n<p>&#8211; outdoor (wsp\u00f3\u0142praca z najwi\u0119kszymi dostawcami reklam wielkoformatowych)<\/p>\n\n\n\n<p><strong><br><\/strong><br>Poznaj\u00a0<strong>5<\/strong>\u00a0powod\u00f3w, dla kt\u00f3rych warto skorzysta\u0107 z naszych us\u0142ug!<br><br><strong>1.<\/strong>\u00a0Do\u015bwiadczenie \u2013 reklam\u0105 i eventami zajmujemy si\u0119 od ponad 8 lat, a nasz zesp\u00f3\u0142 w sumie mo\u017ce pochwali\u0107 si\u0119 blisko 50 latami do\u015bwiadczenia.<br><strong>2.<\/strong>\u00a0Bogate portfolio \u2013 z naszych us\u0142ug korzystaj\u0105 liczne firmy, organizacje pozarz\u0105dowe, a tak\u017ce osoby prywatne.<br><strong>3.<\/strong>\u00a0Atrakcyjne ceny \u2013 wsp\u00f3\u0142pracujemy tylko ze sprawdzonymi producentami. Omijamy po\u015brednik\u00f3w, dzi\u0119ki czemu nasze ceny s\u0105 tak niskie.<br><strong>4.<\/strong>\u00a0Dost\u0119pno\u015b\u0107 \u2013 dzia\u0142amy 24 godziny na dob\u0119 przez 7 dni w tygodniu, a nasi klienci mog\u0105 liczy\u0107 na wsparcie dedykowanych doradc\u00f3w.<br><strong>5.<\/strong>\u00a0Kreatywno\u015b\u0107 \u2013 do ka\u017cdego zlecenia podchodzimy indywidualnie i nieszablonowo, a rutyny unikamy jak ognia.<\/p>\n\n\n\n<div class=\"wp-block-columns is-layout-flex wp-container-core-columns-is-layout-1 wp-block-columns-is-layout-flex\">\n<div class=\"wp-block-column is-layout-flow wp-block-column-is-layout-flow\" style=\"flex-basis:50%\">\n<figure class=\"wp-block-image is-resized\" id=\"block-cd126879-2a34-4095-8e8f-96ad154f0b17\"><a href=\"https:\/\/www.dionizosevents.pl\"><img loading=\"lazy\" decoding=\"async\" src=\"https:\/\/pbzinvestment.pl\/wp-content\/uploads\/2022\/07\/ikona-www_23-2147934922-1.jpg\" alt=\"Obrazek posiada pusty atrybut alt; plik o nazwie ikona-www_23-2147934922-1.jpg\" width=\"40\" height=\"35\"\/><\/a><\/figure>\n<\/div>\n\n\n\n<div class=\"wp-block-column is-layout-flow wp-block-column-is-layout-flow\" style=\"flex-basis:50%\">\n<figure class=\"wp-block-image is-resized\" id=\"block-bb07715a-28c0-45a3-8bc4-2b9636f809b0\"><a href=\"https:\/\/www.facebook.com\/DionizosEvents\"><img loading=\"lazy\" decoding=\"async\" src=\"https:\/\/pbzinvestment.pl\/wp-content\/uploads\/2022\/07\/fb_icon_325x325.png\" alt=\"Obrazek posiada pusty atrybut alt; plik o nazwie fb_icon_325x325.png\" width=\"35\" height=\"35\"\/><\/a><\/figure>\n<\/div>\n\n\n\n<div class=\"wp-block-column is-layout-flow wp-block-column-is-layout-flow\"><\/div>\n\n\n\n<div class=\"wp-block-column is-layout-flow wp-block-column-is-layout-flow\"><\/div>\n\n\n\n<div class=\"wp-block-column is-layout-flow wp-block-column-is-layout-flow\"><\/div>\n\n\n\n<div class=\"wp-block-column is-layout-flow wp-block-column-is-layout-flow\"><\/div>\n\n\n\n<div class=\"wp-block-column is-layout-flow wp-block-column-is-layout-flow\"><\/div>\n\n\n\n<div class=\"wp-block-column is-layout-flow wp-block-column-is-layout-flow\"><\/div>\n\n\n\n<div class=\"wp-block-column is-layout-flow wp-block-column-is-layout-flow\"><\/div>\n\n\n\n<div class=\"wp-block-column is-layout-flow wp-block-column-is-layout-flow\"><\/div>\n\n\n\n<div class=\"wp-block-column is-layout-flow wp-block-column-is-layout-flow\"><\/div>\n\n\n\n<div class=\"wp-block-column is-layout-flow wp-block-column-is-layout-flow\"><\/div>\n\n\n\n<div class=\"wp-block-column is-layout-flow wp-block-column-is-layout-flow\"><\/div>\n\n\n\n<div class=\"wp-block-column is-layout-flow wp-block-column-is-layout-flow\"><\/div>\n\n\n\n<div class=\"wp-block-column is-layout-flow wp-block-column-is-layout-flow\"><\/div>\n\n\n\n<div class=\"wp-block-column is-layout-flow wp-block-column-is-layout-flow\"><\/div>\n\n\n\n<div class=\"wp-block-column is-layout-flow wp-block-column-is-layout-flow\"><\/div>\n\n\n\n<div class=\"wp-block-column is-layout-flow wp-block-column-is-layout-flow\"><\/div>\n\n\n\n<div class=\"wp-block-column is-layout-flow wp-block-column-is-layout-flow\"><\/div>\n\n\n\n<div class=\"wp-block-column is-layout-flow wp-block-column-is-layout-flow\"><\/div>\n\n\n\n<div class=\"wp-block-column is-layout-flow wp-block-column-is-layout-flow\"><\/div>\n\n\n\n<div class=\"wp-block-column is-layout-flow wp-block-column-is-layout-flow\"><\/div>\n\n\n\n<div class=\"wp-block-column is-layout-flow wp-block-column-is-layout-flow\"><\/div>\n\n\n\n<div class=\"wp-block-column is-layout-flow wp-block-column-is-layout-flow\"><\/div>\n\n\n\n<div class=\"wp-block-column is-layout-flow wp-block-column-is-layout-flow\"><\/div>\n\n\n\n<div class=\"wp-block-column is-layout-flow wp-block-column-is-layout-flow\"><\/div>\n<\/div>\n\n\n\n<p><\/p>\n","protected":false},"excerpt":{"rendered":"<p>Kompleksowo organizujemy eventy i konferencje, a nasz\u0105 domen\u0105 s\u0105 imprezy integracyjne. Przez lata dzia\u0142alno\u015bci realizowali\u015bmy r\u00f3wnie\u017c materia\u0142y reklamowe: &#8211; gad\u017cety reklamowe (d\u0142ugopisy, kubki, smycze, teczki, breloki, przypinki oraz wiele innych), &#8211; druki (ulotki, plakaty) praktycznie we wszystkich mo\u017cliwych formatach. &#8211; outdoor (wsp\u00f3\u0142praca z najwi\u0119kszymi dostawcami reklam wielkoformatowych) Poznaj\u00a05\u00a0powod\u00f3w, dla kt\u00f3rych warto skorzysta\u0107 z naszych us\u0142ug! &hellip; <\/p>\n<p class=\"link-more\"><a href=\"https:\/\/pbzinvestment.pl\/index.php\/dionizos-events-cenferences\/\" class=\"more-link\">Czytaj dalej<span class=\"screen-reader-text\"> \u201eDionizos Events &#038; Conferences\u201d<\/span><\/a><\/p>\n","protected":false},"author":1,"featured_media":0,"parent":0,"menu_order":0,"comment_status":"closed","ping_status":"closed","template":"","meta":{"footnotes":""},"class_list":["post-247","page","type-page","status-publish","hentry"],"_links":{"self":[{"href":"https:\/\/pbzinvestment.pl\/index.php\/wp-json\/wp\/v2\/pages\/247","targetHints":{"allow":["GET"]}}],"collection":[{"href":"https:\/\/pbzinvestment.pl\/index.php\/wp-json\/wp\/v2\/pages"}],"about":[{"href":"https:\/\/pbzinvestment.pl\/index.php\/wp-json\/wp\/v2\/types\/page"}],"author":[{"embeddable":true,"href":"https:\/\/pbzinvestment.pl\/index.php\/wp-json\/wp\/v2\/users\/1"}],"replies":[{"embeddable":true,"href":"https:\/\/pbzinvestment.pl\/index.php\/wp-json\/wp\/v2\/comments?post=247"}],"version-history":[{"count":7,"href":"https:\/\/pbzinvestment.pl\/index.php\/wp-json\/wp\/v2\/pages\/247\/revisions"}],"predecessor-version":[{"id":399,"href":"https:\/\/pbzinvestment.pl\/index.php\/wp-json\/wp\/v2\/pages\/247\/revisions\/399"}],"wp:attachment":[{"href":"https:\/\/pbzinvestment.pl\/index.php\/wp-json\/wp\/v2\/media?parent=247"}],"curies":[{"name":"wp","href":"https:\/\/api.w.org\/{rel}","templated":true}]}}