{"id":245,"date":"2021-06-21T12:39:55","date_gmt":"2021-06-21T12:39:55","guid":{"rendered":"https:\/\/pbzinvestment.pl\/?page_id=245"},"modified":"2022-07-10T17:17:52","modified_gmt":"2022-07-10T17:17:52","slug":"sprint-brand","status":"publish","type":"page","link":"https:\/\/pbzinvestment.pl\/index.php\/sprint-brand\/","title":{"rendered":"Sprint Brand"},"content":{"rendered":"\n<p><img loading=\"lazy\" decoding=\"async\" width=\"250\" height=\"93\" class=\"wp-image-91\" style=\"width: 250px;\" src=\"https:\/\/pbzinvestment.pl\/wp-content\/uploads\/2021\/06\/SprintBrand_logo.jpg\" alt=\"\" srcset=\"https:\/\/pbzinvestment.pl\/wp-content\/uploads\/2021\/06\/SprintBrand_logo.jpg 1134w, https:\/\/pbzinvestment.pl\/wp-content\/uploads\/2021\/06\/SprintBrand_logo-300x111.jpg 300w, https:\/\/pbzinvestment.pl\/wp-content\/uploads\/2021\/06\/SprintBrand_logo-1024x379.jpg 1024w, https:\/\/pbzinvestment.pl\/wp-content\/uploads\/2021\/06\/SprintBrand_logo-768x284.jpg 768w\" sizes=\"auto, (max-width: 250px) 100vw, 250px\" \/><br>Sprint Brand to marka dla marek. Tutaj realizowane s\u0105 wszystkie gad\u017cety dla Twojej firmy. Posiadamy bogat\u0105 ofert\u0119 produktow\u0105, kt\u00f3ra wci\u0105\u017c si\u0119 zmienia. Je\u015bli nie mamy czego\u015b na stronie, nie oznacza to, \u017ce nasi dostawcy nie maj\u0105 gad\u017cetu, kt\u00f3ry Ci\u0119 interesuje, a my mo\u017cemy go oznakowa\u0107. Zam\u00f3wienia znakujemy m.in. za pomoc\u0105 sitodruku, graweru czy haftu. Wraz z naszymi partnerami biznesowymi dysponujemy najnowszym parkiem maszynowym. Znajomo\u015b\u0107 r\u00f3\u017cnych bran\u017c sprawia, \u017ce dobieranie odpowiednich gad\u017cet\u00f3w dla Twojej firmy to nie tylko praca, ale i \u015bwietna zabawa. To sprawia, \u017ce nasze produkty s\u0105 najwy\u017cszej jako\u015bci, a Twoja firma zostanie zapami\u0119tana przez klient\u00f3w.<\/p>\n\n\n\n<p>Niebawem przedstawimy cz\u0119\u015b\u0107 naszej oferty. Za to ju\u017c teraz mo\u017cesz wys\u0142a\u0107 zapytanie o wymarzony gad\u017cet, kt\u00f3ry my wycenimy, spersonalizujemy i dostarczymy do Ciebie.<\/p>\n\n\n\n<p><\/p>\n\n\n\n<div class=\"wp-block-columns is-layout-flex wp-container-core-columns-is-layout-1 wp-block-columns-is-layout-flex\">\n<div class=\"wp-block-column is-layout-flow wp-block-column-is-layout-flow\" style=\"flex-basis:50%\">\n<figure class=\"wp-block-image is-resized\" id=\"block-16a3e91c-8219-4248-91e8-2230f62eed23\"><a href=\"https:\/\/sprintbrand.pl\/\"><img loading=\"lazy\" decoding=\"async\" src=\"https:\/\/pbzinvestment.pl\/wp-content\/uploads\/2022\/07\/ikona-www_23-2147934922-1.jpg\" alt=\"Obrazek posiada pusty atrybut alt; plik o nazwie ikona-www_23-2147934922-1.jpg\" width=\"40\" height=\"35\"\/><\/a><\/figure>\n<\/div>\n\n\n\n<div class=\"wp-block-column is-layout-flow wp-block-column-is-layout-flow\" style=\"flex-basis:50%\">\n<figure class=\"wp-block-image is-resized\" id=\"block-5e3759f7-e529-49ad-97df-4602e8a57792\"><a href=\"https:\/\/www.facebook.com\/Sprint-Brand-102696035325681\/\"><img loading=\"lazy\" decoding=\"async\" src=\"https:\/\/pbzinvestment.pl\/wp-content\/uploads\/2022\/07\/fb_icon_325x325.png\" alt=\"Obrazek posiada pusty atrybut alt; plik o nazwie fb_icon_325x325.png\" width=\"35\" height=\"35\"\/><\/a><\/figure>\n<\/div>\n\n\n\n<div class=\"wp-block-column is-layout-flow wp-block-column-is-layout-flow\"><\/div>\n\n\n\n<div class=\"wp-block-column is-layout-flow wp-block-column-is-layout-flow\"><\/div>\n\n\n\n<div class=\"wp-block-column is-layout-flow wp-block-column-is-layout-flow\"><\/div>\n\n\n\n<div class=\"wp-block-column is-layout-flow wp-block-column-is-layout-flow\"><\/div>\n\n\n\n<div class=\"wp-block-column is-layout-flow wp-block-column-is-layout-flow\"><\/div>\n\n\n\n<div class=\"wp-block-column is-layout-flow wp-block-column-is-layout-flow\"><\/div>\n\n\n\n<div class=\"wp-block-column is-layout-flow wp-block-column-is-layout-flow\"><\/div>\n\n\n\n<div class=\"wp-block-column is-layout-flow wp-block-column-is-layout-flow\"><\/div>\n\n\n\n<div class=\"wp-block-column is-layout-flow wp-block-column-is-layout-flow\"><\/div>\n\n\n\n<div class=\"wp-block-column is-layout-flow wp-block-column-is-layout-flow\"><\/div>\n\n\n\n<div class=\"wp-block-column is-layout-flow wp-block-column-is-layout-flow\"><\/div>\n\n\n\n<div class=\"wp-block-column is-layout-flow wp-block-column-is-layout-flow\"><\/div>\n\n\n\n<div class=\"wp-block-column is-layout-flow wp-block-column-is-layout-flow\"><\/div>\n\n\n\n<div class=\"wp-block-column is-layout-flow wp-block-column-is-layout-flow\"><\/div>\n\n\n\n<div class=\"wp-block-column is-layout-flow wp-block-column-is-layout-flow\"><\/div>\n\n\n\n<div class=\"wp-block-column is-layout-flow wp-block-column-is-layout-flow\"><\/div>\n\n\n\n<div class=\"wp-block-column is-layout-flow wp-block-column-is-layout-flow\"><\/div>\n\n\n\n<div class=\"wp-block-column is-layout-flow wp-block-column-is-layout-flow\"><\/div>\n\n\n\n<div class=\"wp-block-column is-layout-flow wp-block-column-is-layout-flow\"><\/div>\n\n\n\n<div class=\"wp-block-column is-layout-flow wp-block-column-is-layout-flow\"><\/div>\n\n\n\n<div class=\"wp-block-column is-layout-flow wp-block-column-is-layout-flow\"><\/div>\n\n\n\n<div class=\"wp-block-column is-layout-flow wp-block-column-is-layout-flow\"><\/div>\n\n\n\n<div class=\"wp-block-column is-layout-flow wp-block-column-is-layout-flow\"><\/div>\n<\/div>\n\n\n\n<p><\/p>\n","protected":false},"excerpt":{"rendered":"<p>Sprint Brand to marka dla marek. Tutaj realizowane s\u0105 wszystkie gad\u017cety dla Twojej firmy. Posiadamy bogat\u0105 ofert\u0119 produktow\u0105, kt\u00f3ra wci\u0105\u017c si\u0119 zmienia. Je\u015bli nie mamy czego\u015b na stronie, nie oznacza to, \u017ce nasi dostawcy nie maj\u0105 gad\u017cetu, kt\u00f3ry Ci\u0119 interesuje, a my mo\u017cemy go oznakowa\u0107. Zam\u00f3wienia znakujemy m.in. za pomoc\u0105 sitodruku, graweru czy haftu. Wraz &hellip; <\/p>\n<p class=\"link-more\"><a href=\"https:\/\/pbzinvestment.pl\/index.php\/sprint-brand\/\" class=\"more-link\">Czytaj dalej<span class=\"screen-reader-text\"> \u201eSprint Brand\u201d<\/span><\/a><\/p>\n","protected":false},"author":1,"featured_media":0,"parent":0,"menu_order":0,"comment_status":"closed","ping_status":"closed","template":"","meta":{"footnotes":""},"class_list":["post-245","page","type-page","status-publish","hentry"],"_links":{"self":[{"href":"https:\/\/pbzinvestment.pl\/index.php\/wp-json\/wp\/v2\/pages\/245","targetHints":{"allow":["GET"]}}],"collection":[{"href":"https:\/\/pbzinvestment.pl\/index.php\/wp-json\/wp\/v2\/pages"}],"about":[{"href":"https:\/\/pbzinvestment.pl\/index.php\/wp-json\/wp\/v2\/types\/page"}],"author":[{"embeddable":true,"href":"https:\/\/pbzinvestment.pl\/index.php\/wp-json\/wp\/v2\/users\/1"}],"replies":[{"embeddable":true,"href":"https:\/\/pbzinvestment.pl\/index.php\/wp-json\/wp\/v2\/comments?post=245"}],"version-history":[{"count":6,"href":"https:\/\/pbzinvestment.pl\/index.php\/wp-json\/wp\/v2\/pages\/245\/revisions"}],"predecessor-version":[{"id":393,"href":"https:\/\/pbzinvestment.pl\/index.php\/wp-json\/wp\/v2\/pages\/245\/revisions\/393"}],"wp:attachment":[{"href":"https:\/\/pbzinvestment.pl\/index.php\/wp-json\/wp\/v2\/media?parent=245"}],"curies":[{"name":"wp","href":"https:\/\/api.w.org\/{rel}","templated":true}]}}